{"id":2,"date":"2015-04-27T14:30:58","date_gmt":"2015-04-27T14:30:58","guid":{"rendered":"http:\/\/www.inappropriatemonuments.org\/sfius\/?page_id=2"},"modified":"2024-05-12T16:26:50","modified_gmt":"2024-05-12T14:26:50","slug":"o_nama","status":"publish","type":"page","link":"https:\/\/www.sfius.org\/en\/o_nama\/","title":{"rendered":"ABOUT US"},"content":{"rendered":"<div class=\"wpb-content-wrapper\"><div class=\"vc-row-container container\"><div class=\"vc_row wpb_row vc_row-fluid\"><div class=\"wpb_column vc_column_container vc_col-sm-6\"><div class=\"vc_column-inner\"><div class=\"wpb_wrapper\">\n\t<div class=\"wpb_text_column wpb_content_element vc_custom_1621854435151 post-formatting\" >\n\t\t<div class=\"wpb_wrapper\">\n\t\t\t<h3><mark> SOCIAL FRINGE: INTERESTING UNTOLD STORIES <\/mark><\/h3>\n\n\t\t<\/div>\n\t<\/div>\n<\/div><\/div><\/div><\/div><\/div><div class=\"vc-row-container container\"><div class=\"vc_row wpb_row vc_row-fluid\"><div class=\"wpb_column vc_column_container vc_col-sm-12\"><div class=\"vc_column-inner\"><div class=\"wpb_wrapper\">\n\t<div class=\"wpb_text_column wpb_content_element post-formatting\" >\n\t\t<div class=\"wpb_wrapper\">\n\t\t\t<p><span style=\"\u201dcolor: #b7094c; font-size: 15px\u201d;\">SF:ius<\/span> is a non-profit association from Zagreb founded with the aim of interdisciplinary research, analysis and giving voice to interesting untold stories from the social fringe, relying on artistic, advocacy and activist work.<\/p>\n<p>SF:ius advocates for the articulation of critical attitudes towards narratives produced by actors in positions of power while maintaining a position in the discursive space of the \u201csocial edge\u201d. \nFor SF: ius this means a non-partisan and independent departure from established social paradigms and a focus on topics that are left out or underrepresented in the dominant structures of knowledge and meaning production.<\/p>\n<p>SF:ius uses an interdisciplinary methodology, which includes, but is not limited to, artistic practices and political analysis.<br \/>\n\u3164<br \/>\nThematically and substantively, the programs follow current problems in the field of philosophy, artistic practices and art theory, memory studies, history, politics, and social theory. The programs rely on scientific research, artistic, advocacy, and activist work.<\/p>\n<p>The purpose of SF:ius is to promote equality, egalitarian distribution of power, equal opportunities, sustainable futures, social justice, and innovative solutions to social tensions.<\/p>\n<hr \/>\n\n\t\t<\/div>\n\t<\/div>\n<style data-appended-custom-css=\"true\">#divider-662269d093d3e6fb4 .lab-divider-content { border-bottom-color: #b7094c}<\/style>\t<div id=\"divider-662269d093d3e6fb4\" class=\"lab-divider divider-plain type-thin\">\n\t\t<div class=\"lab-divider-content\"><\/div>\n\t<\/div>\n\t\n\t<div class=\"wpb_text_column wpb_content_element post-formatting\" >\n\t\t<div class=\"wpb_wrapper\">\n\t\t\t<h3><\/h3>\n\n\t\t<\/div>\n\t<\/div>\n<\/div><\/div><\/div><\/div><\/div><div class=\"vc-row-container container\"><div class=\"vc_row wpb_row vc_row-fluid\"><div class=\"wpb_column vc_column_container vc_col-sm-6\"><div class=\"vc_column-inner\"><div class=\"wpb_wrapper\">\n\t<div class=\"wpb_text_column wpb_content_element post-formatting\" >\n\t\t<div class=\"wpb_wrapper\">\n\t\t\t\n\t\t<\/div>\n\t<\/div>\n<\/div><\/div><\/div><div class=\"wpb_column vc_column_container vc_col-sm-6\"><div class=\"vc_column-inner\"><div class=\"wpb_wrapper\">\n\t<div class=\"wpb_text_column wpb_content_element vc_custom_1715524000428 post-formatting\" >\n\t\t<div class=\"wpb_wrapper\">\n\t\t\t\n\t\t<\/div>\n\t<\/div>\n<\/div><\/div><\/div><\/div><\/div><div class=\"vc-row-container container\"><div class=\"vc_row wpb_row vc_row-fluid\"><div class=\"wpb_column vc_column_container vc_col-sm-12\"><div class=\"vc_column-inner\"><div class=\"wpb_wrapper\"><div class=\"vc_empty_space\"   style=\"height: 55px\"><span class=\"vc_empty_space_inner\"><\/span><\/div><\/div><\/div><\/div><\/div><\/div>\n<\/div>","protected":false},"excerpt":{"rendered":"SOCIJALNI RUB: ZANIMLJIVE NEISPRI\u010cANE PRI\u010cE SF:ius je neprofitna udruga iz Zagreba osnovana s ciljem interdisciplinarnog istra\u017eivanja, analize i davanja glasa zanimljivim neispri\u010danim pri\u010dama sa socijalnog ruba oslanjaju\u0107i se na umjetni\u010dki, zagovara\u010dki i aktivisti\u010dki rad. Udruga SF:ius zala\u017ee se za artikulaciju kriti\u010dkih stavova prema narativima proizvedenim od strane aktera na pozicijama mo\u0107i zadr\u017eavaju\u0107i pri tome polo\u017eaj&hellip;","protected":false},"author":1,"featured_media":0,"parent":0,"menu_order":0,"comment_status":"closed","ping_status":"closed","template":"","meta":{"_acf_changed":false,"footnotes":""},"class_list":["post-2","page","type-page","status-publish","hentry"],"acf":[],"_links":{"self":[{"href":"https:\/\/www.sfius.org\/en\/wp-json\/wp\/v2\/pages\/2","targetHints":{"allow":["GET"]}}],"collection":[{"href":"https:\/\/www.sfius.org\/en\/wp-json\/wp\/v2\/pages"}],"about":[{"href":"https:\/\/www.sfius.org\/en\/wp-json\/wp\/v2\/types\/page"}],"author":[{"embeddable":true,"href":"https:\/\/www.sfius.org\/en\/wp-json\/wp\/v2\/users\/1"}],"replies":[{"embeddable":true,"href":"https:\/\/www.sfius.org\/en\/wp-json\/wp\/v2\/comments?post=2"}],"version-history":[{"count":0,"href":"https:\/\/www.sfius.org\/en\/wp-json\/wp\/v2\/pages\/2\/revisions"}],"wp:attachment":[{"href":"https:\/\/www.sfius.org\/en\/wp-json\/wp\/v2\/media?parent=2"}],"curies":[{"name":"wp","href":"https:\/\/api.w.org\/{rel}","templated":true}]}}