{"id":20,"date":"2015-04-28T09:52:59","date_gmt":"2015-04-28T09:52:59","guid":{"rendered":"http:\/\/www.inappropriatemonuments.org\/sfius\/?page_id=20"},"modified":"2021-04-30T15:00:56","modified_gmt":"2021-04-30T15:00:56","slug":"kontakt","status":"publish","type":"page","link":"https:\/\/www.sfius.org\/en\/kontakt\/","title":{"rendered":"KONTAKT"},"content":{"rendered":"<div class=\"wpb-content-wrapper\"><div class=\"vc-row-container container\"><div class=\"vc_row wpb_row vc_row-fluid\"><div class=\"wpb_column vc_column_container vc_col-sm-12\"><div class=\"vc_column-inner\"><div class=\"wpb_wrapper\">\n\t<div class=\"wpb_text_column wpb_content_element post-formatting\" >\n\t\t<div class=\"wpb_wrapper\">\n\t\t\t<h5><strong><u>KONTAKT<\/u><\/strong><\/h5>\n<p>&nbsp;<\/p>\n<p>SF: ius - SOCIAL FRINGE: interesting untold stories<\/p>\n<p>Address: Zelenjak 69, 10000 Zagreb<\/p>\n<p>E-mail: sfius[at]sfius.org<\/p>\n<p>&nbsp;<\/p>\n\n\t\t<\/div>\n\t<\/div>\n<div class=\"lab-contact-form contact-form  vc_custom_1619791925534\">\n\n\t<form action=\"\" method=\"post\" class=\"contact-form\" id=\"el_69e19f75ccaa8\" data-alerts=\"0\" data-alerts-msg=\"Please fill &quot;%&quot; field.\" data-privacy-error-msg=\"You must check privacy policy checkbox in order to submit the form.\" novalidate data-trp-original-action=\"\">\n\n\t\t<div class=\"row\">\n\n    \t\t<div class=\"col-sm-6\">\n\t\t\t\t<div class=\"form-group labeled-input-row\">\n\t\t\t\t\t\t\t\t\t\t<label for=\"el_69e19f75ccaa8_name\">Ime:<\/label>\n\t\t\t\t\t\t\t\t\t\t<input name=\"name\" id=\"el_69e19f75ccaa8_name\" type=\"text\" placeholder=\"\" data-label=\"Ime\">\n\t\t\t\t<\/div>\n    \t\t<\/div>\n\n\t\t\t<div class=\"col-sm-6\">\n\t\t\t\t<div class=\"form-group labeled-input-row\">\n\t\t\t\t\t\t\t\t\t\t<label for=\"el_69e19f75ccaa8_email\">Email:<\/label>\n\t\t\t\t\t\t\t\t\t\t<input name=\"email\" id=\"el_69e19f75ccaa8_email\" type=\"email\" placeholder=\"\" data-label=\"Email\">\n\t\t\t\t<\/div>\n\t\t\t<\/div>\n\n\t\t\t\n\t\t\t<div class=\"col-sm-12\">\n\t\t\t\t<div class=\"form-group labeled-textarea-row\">\n\t\t\t\t\t\t\t\t\t\t<label for=\"el_69e19f75ccaa8_message\">Poruka:<\/label>\n\t\t\t\t\t\t\t\t\t\t<textarea name=\"message\" id=\"el_69e19f75ccaa8_message\" placeholder=\"\" data-label=\"Poruka\"><\/textarea>\n\t\t\t\t<\/div>\n\t\t\t<\/div>\n\n\t\t<\/div><!-- row -->\n\n\t\t\t\t\t<div class=\"form-group contact-form-recaptcha\">\n\n\t\t\t\t\n\t\t\t<\/div>\n\t\t\n\t\t\n\t\t<button type=\"submit\" name=\"send\" class=\"button\">\n\t\t\t<span class=\"pre-submit\">Po\u0161alji poruku<\/span>\n\t\t\t<span class=\"success-msg\">Poruka poslana! <i class=\"flaticon-verification24\"><\/i><\/span>\n\t\t\t<span class=\"loading-bar\">\n\t\t\t\t<span><\/span>\n\t\t\t<\/span>\n\t\t<\/button>\n\n\t<input type=\"hidden\" name=\"trp-form-language\" value=\"en\"\/><\/form>\n\n<\/div><div class=\"vc_empty_space\"   style=\"height: 40px\"><span class=\"vc_empty_space_inner\"><\/span><\/div><\/div><\/div><\/div><\/div><\/div>\n<\/div>","protected":false},"excerpt":{"rendered":"KONTAKT &nbsp; SF:ius \u2013 SOCIJALNI RUB: zanimljive neispri\u010dane pri\u010de Adresa: Zelenjak 69, 10000 Zagreb E-mail: sfius[at]sfius.org &nbsp; Ime: Email: Poruka: Po\u0161alji poruku Poruka poslana!","protected":false},"author":1,"featured_media":0,"parent":0,"menu_order":0,"comment_status":"closed","ping_status":"closed","template":"","meta":{"_acf_changed":false,"footnotes":""},"class_list":["post-20","page","type-page","status-publish","hentry"],"acf":[],"_links":{"self":[{"href":"https:\/\/www.sfius.org\/en\/wp-json\/wp\/v2\/pages\/20","targetHints":{"allow":["GET"]}}],"collection":[{"href":"https:\/\/www.sfius.org\/en\/wp-json\/wp\/v2\/pages"}],"about":[{"href":"https:\/\/www.sfius.org\/en\/wp-json\/wp\/v2\/types\/page"}],"author":[{"embeddable":true,"href":"https:\/\/www.sfius.org\/en\/wp-json\/wp\/v2\/users\/1"}],"replies":[{"embeddable":true,"href":"https:\/\/www.sfius.org\/en\/wp-json\/wp\/v2\/comments?post=20"}],"version-history":[{"count":0,"href":"https:\/\/www.sfius.org\/en\/wp-json\/wp\/v2\/pages\/20\/revisions"}],"wp:attachment":[{"href":"https:\/\/www.sfius.org\/en\/wp-json\/wp\/v2\/media?parent=20"}],"curies":[{"name":"wp","href":"https:\/\/api.w.org\/{rel}","templated":true}]}}