{"id":5464,"date":"2022-06-30T18:03:45","date_gmt":"2022-06-30T16:03:45","guid":{"rendered":"https:\/\/www.sfius.org\/?page_id=5464"},"modified":"2022-10-05T12:24:54","modified_gmt":"2022-10-05T10:24:54","slug":"pokreti-nostalgije","status":"publish","type":"page","link":"https:\/\/www.sfius.org\/en\/pokreti-nostalgije\/","title":{"rendered":"NOSTALGIA MOVEMENTS"},"content":{"rendered":"<h1 class=\"has-text-align-center has-text-color has-x-large-font-size wp-block-heading\" style=\"color:#2b3595;font-style:normal;font-weight:700;letter-spacing:3px\"><strong>NOSTALGIA MOVEMENTS<\/strong><\/h1>\n\n\n\n<h3 class=\"has-text-align-center has-text-color wp-block-heading\" style=\"color:#2b3595;letter-spacing:3px\">Interdisciplinary Conference<\/h3>\n\n\n\n<div style=\"height:9px\" aria-hidden=\"true\" class=\"wp-block-spacer\"><\/div>\n\n\n\n<div style=\"height:17px\" aria-hidden=\"true\" class=\"wp-block-spacer\"><\/div>\n\n\n\n<p class=\"has-white-background-color has-text-color has-background\" style=\"color:#2b3595;letter-spacing:3px\">ORGANISERS:&nbsp; <a href=\"https:\/\/www.sfius.org\/en\">SF:ius<\/a>&nbsp;and&nbsp;<a href=\"http:\/\/www.visual-studies.com\/\">Center for Visual Studies<\/a><br>LOCATION:&nbsp; <a href=\"https:\/\/mi2.hr\/en\/\">Multimedia Institute<\/a>, Preradovi\u0107eva 18, Zagreb, Croatia, and On-line<br>DATE: December 15-16, 2022<br><a href=\"https:\/\/philevents.org\/event\/show\/100750\">Official&nbsp;CfP @ PhilEvents<\/a><\/p>\n\n\n\n<div style=\"height:4px\" aria-hidden=\"true\" class=\"wp-block-spacer\"><\/div>\n\n\n\n<p class=\"has-white-background-color has-text-color has-background\" style=\"color:#2b3595;letter-spacing:5px\"><a rel=\"noreferrer noopener\" href=\"https:\/\/www.sfius.org\/en\/pokreti-nostalgije\/program-konferencije\/\" target=\"_blank\">CONFERENCE PROGRAMME &lt;-<\/a><\/p>\n\n\n\n<div style=\"height:13px\" aria-hidden=\"true\" class=\"wp-block-spacer\"><\/div>\n\n\n<div class=\"wp-block-image\">\n<figure class=\"alignleft size-large is-resized\"><a href=\"https:\/\/www.sfius.org\/wp-content\/uploads\/2022\/07\/5.jpg\"><img loading=\"lazy\" decoding=\"async\" src=\"https:\/\/www.sfius.org\/wp-content\/uploads\/2022\/07\/5-768x1024.jpg\" alt=\"\" class=\"wp-image-5592\" width=\"378\" height=\"504\"\/><\/a><figcaption>      <\/figcaption><\/figure>\n<\/div>\n\n\n<p class=\"has-text-color\" style=\"color:#2b3595\">The International Interdisciplinary Conference Nostalgia Movements will bring together experts in the field of social sciences, humanities, and contemporary art with the aim of critically addressing contemporary social trends facing new technologies, augmented and virtual realities, meta- and post-media, and internet phenomena as well as the humanitarian, political and 21st-century cultural crises.<\/p>\n\n\n\n<p>          <\/p>\n\n\n\n<p class=\"has-text-color\" style=\"color:#2b3595\">The conference wants to offer critical answers to questions on how modern techno-scientific and socio-political phenomena shape our relationship to the past and how is this relationship commodified and shaped into products on a global market dominated by the so-called economies of experience and cinematic mode of production. In the same way, the same phenomena essentially reshape our attitude toward the immediate space and self-understanding of our own position in the real and virtual world (meta-versus, streaming wars, augmented reality, \u2026). From nostalgia for past political projects to alienation in contemporary hyper-urban spaces, the phenomenon of false nostalgia in contemporary pop music to synthetic and hybrid aesthetics of television and film spectacles, one seeks to question the possibilities of authentic critique of contemporary culture beyond all cynicism and hermetic self-sufficiency of contemporary academic theories.<\/p>\n\n\n\n<div style=\"height:6px\" aria-hidden=\"true\" class=\"wp-block-spacer\"><\/div>\n\n\n\n<p class=\"has-white-background-color has-text-color has-background\" style=\"color:#2b3595\">The conference wishes to address \u2013 but is in no way limited \u2013 to the themes listed below: <\/p>\n\n\n\n<p class=\"has-text-color has-medium-font-size\" style=\"color:#2b3595;font-style:normal;font-weight:500\">&#8211; Yugo-nostalgia, nostalgia tourism, historical geography, and musealisation of \u201einappropriate\u201d pasts<\/p>\n\n\n\n<p class=\"has-text-color has-medium-font-size\" style=\"color:#2b3595;font-style:normal;font-weight:500\"> &#8211; post-urbanity, the melancholy of space, alienation, and loneliness as conditions for virtual escapism <\/p>\n\n\n\n<p class=\"has-text-color has-medium-font-size\" style=\"color:#2b3595;font-style:normal;font-weight:500\">&#8211; relationship of dreams, film, memory, and the image in contemporary visual phenomena<\/p>\n\n\n\n<p class=\"has-text-color has-medium-font-size\" style=\"color:#2b3595;font-style:normal;font-weight:500\">&#8211; retro-wave, hybrid past, synthetic aesthetics on television and in cinema <\/p>\n\n\n\n<p class=\"has-text-color has-medium-font-size\" style=\"color:#2b3595;font-style:normal;font-weight:500\">&#8211; vaporwave, strategies of counteraction and contestation in internet-based art movements and projects <\/p>\n\n\n\n<p class=\"has-text-color has-medium-font-size\" style=\"color:#2b3595;font-style:normal;font-weight:500\">&#8211; nostalgia in contemporary pop music <\/p>\n\n\n\n<p class=\"has-text-color has-medium-font-size\" style=\"color:#2b3595;font-style:normal;font-weight:500\">&#8211; phenomenology of nostalgia, through the history of ideas, contemporary philosophical reflection, and cultural studies<\/p>\n\n\n\n<div style=\"height:30px\" aria-hidden=\"true\" class=\"wp-block-spacer\"><\/div>\n\n\n\n<p class=\"has-text-color\" style=\"color:#2b3595\">The format of the conference is a one-day intensive gathering in a hybrid environment \u2013 online and on-site \u2013 with accompanying events in real and virtual space. The planned outcomes of the conference are (1) the creation of a collaborative platform for research of the nostalgia movements through planned activities in the future, and (2) an edited peer-reviewed conference publication in English and in open access. In addition to the papers from the conference, there will be a separate Call for Papers with the aim of gathering a qualitatively broader setting for the publication.<\/p>\n\n\n\n<div style=\"height:30px\" aria-hidden=\"true\" class=\"wp-block-spacer\"><\/div>\n\n\n\n<p class=\"has-text-color has-background\" style=\"background-color:#2b3595;color:#fad3e2\">ORGANISING COMMITTEE: Tomislav Augustin\u010di\u0107 (doctoral student, TA at University of Zadar), Dafne Berc (researcher at SF:ius), Ivor Glava\u0161 (Multimedia Institute), Layla Muniti\u0107 (SF:ius)<\/p>\n\n\n\n<div style=\"height:14px\" aria-hidden=\"true\" class=\"wp-block-spacer\"><\/div>\n\n\n\n<p class=\"has-text-color has-background\" style=\"background-color:#fbd3e2;color:#2b3595\">SCIENTIFIC COMMITTEE: dr.sc. Luciano Basauri (Santiago, Chile), Dario Vuger (SF:ius\/doctoral student at the University of Ljubljana, Slovenia), dr.sc. Kre\u0161imir Purgar (Center for Visual Studies\/Academy for Art and Culture, Osijek, Croatia), dr.sc. Bla\u017eenka Perica (Academy of Arts, Split, Croatia), Igor Loinjak (doctoral student, TA at Academy of Arts and Culture, Osijek, Croatia), dr. sc. Mirela Ramljak Purgar (Faculty of humanities and social sciences, Osijek, Croatia) dr. sc. Andrej Bo\u017ei\u010d (In\u0161titut Nove Revije, Ljubljana, Slovenia)<\/p>\n\n\n\n<div style=\"height:49px\" aria-hidden=\"true\" class=\"wp-block-spacer\"><\/div>\n\n\n\n<h2 class=\"has-text-color wp-block-heading\" style=\"color:#2b3595\"><strong>Call for Papers open to <\/strong><strong>Researchers and Artists<\/strong><\/h2>\n\n\n\n<div style=\"height:13px\" aria-hidden=\"true\" class=\"wp-block-spacer\"><\/div>\n\n\n\n<h4 class=\"has-text-color wp-block-heading\" style=\"color:#2b3595\">&#8211; open from 10.6.-24.7. <\/h4>\n\n\n\n<div style=\"height:23px\" aria-hidden=\"true\" class=\"wp-block-spacer\"><\/div>\n\n\n\n<div style=\"height:21px\" aria-hidden=\"true\" class=\"wp-block-spacer\"><\/div>\n\n\n\n<div class=\"wp-block-columns is-layout-flex wp-container-core-columns-is-layout-9d6595d7 wp-block-columns-is-layout-flex\">\n<div class=\"wp-block-column is-layout-flow wp-block-column-is-layout-flow\">\n<h2 class=\"has-text-color wp-block-heading\" style=\"color:#2b3595\">Submissions<\/h2>\n\n\n\n<div style=\"height:19px\" aria-hidden=\"true\" class=\"wp-block-spacer\"><\/div>\n\n\n\n<p class=\"has-text-color\" style=\"color:#2b3595\">Via Google Form: <\/p>\n\n\n\n<div style=\"height:22px\" aria-hidden=\"true\" class=\"wp-block-spacer\"><\/div>\n\n\n\n<div class=\"wp-block-buttons is-layout-flex wp-block-buttons-is-layout-flex\">\n<div class=\"wp-block-button is-style-outline is-style-outline--1\"><a class=\"wp-block-button__link has-text-color\" href=\"https:\/\/docs.google.com\/forms\/d\/e\/1FAIpQLSdB_ZX058VWVy4Gn6E1XXBm45Ja9kIe3Wrxu4y_DqGUMUlYqQ\/viewform\" style=\"border-radius:8px;color:#2b3595\" target=\"_blank\" rel=\"noreferrer noopener\">Submit<\/a><\/div>\n<\/div>\n\n\n\n<div style=\"height:13px\" aria-hidden=\"true\" class=\"wp-block-spacer\"><\/div>\n<\/div>\n\n\n\n<div class=\"wp-block-column is-layout-flow wp-block-column-is-layout-flow\">\n<h2 class=\"has-text-color wp-block-heading\" style=\"color:#fb9bbb\">Researchers<\/h2>\n\n\n\n<div style=\"height:19px\" aria-hidden=\"true\" class=\"wp-block-spacer\"><\/div>\n\n\n\n<p class=\"has-text-color\" style=\"color:#2b3595\">To submit a proposal for the conference, please send us your <span style=\"text-decoration: underline;\">cover letter<\/span> (affiliation and short bio) and a separate <span style=\"text-decoration: underline;\">abstract<\/span> (no longer than 250 words) with your proposed title. <\/p>\n<\/div>\n\n\n\n<div class=\"wp-block-column is-layout-flow wp-block-column-is-layout-flow\">\n<h2 class=\"has-text-color wp-block-heading\" style=\"color:#fb9bbb\">Artists<\/h2>\n\n\n\n<div style=\"height:19px\" aria-hidden=\"true\" class=\"wp-block-spacer\"><\/div>\n\n\n\n<p class=\"has-text-color\" style=\"color:#2b3595\">To apply as an artist, only a portfolio of works or a website with a bio is required.<\/p>\n<\/div>\n<\/div>\n\n\n\n<div style=\"height:41px\" aria-hidden=\"true\" class=\"wp-block-spacer\"><\/div>\n\n\n\n<div style=\"height:14px\" aria-hidden=\"true\" class=\"wp-block-spacer\"><\/div>\n\n\n\n<div style=\"height:30px\" aria-hidden=\"true\" class=\"wp-block-spacer\"><\/div>","protected":false},"excerpt":{"rendered":"<p>NOSTALGIA MOVEMENTS Interdisciplinary Conference ORGANISERS:&nbsp; SF:ius&nbsp;and&nbsp;Center for Visual StudiesLOCATION:&nbsp; Multimedia Institute, Preradovi\u0107eva 18, Zagreb, Croatia, and On-lineDATE: December 15-16, 2022Official&nbsp;CfP @ PhilEvents CONFERENCE PROGRAMME &lt;- The International Interdisciplinary Conference Nostalgia Movements will bring together experts in the field of social sciences, humanities, and contemporary art with the aim of critically addressing contemporary social trends facing&hellip;<\/p>","protected":false},"author":1,"featured_media":0,"parent":0,"menu_order":0,"comment_status":"closed","ping_status":"closed","template":"","meta":{"_acf_changed":false,"footnotes":""},"class_list":["post-5464","page","type-page","status-publish","hentry"],"acf":[],"_links":{"self":[{"href":"https:\/\/www.sfius.org\/en\/wp-json\/wp\/v2\/pages\/5464","targetHints":{"allow":["GET"]}}],"collection":[{"href":"https:\/\/www.sfius.org\/en\/wp-json\/wp\/v2\/pages"}],"about":[{"href":"https:\/\/www.sfius.org\/en\/wp-json\/wp\/v2\/types\/page"}],"author":[{"embeddable":true,"href":"https:\/\/www.sfius.org\/en\/wp-json\/wp\/v2\/users\/1"}],"replies":[{"embeddable":true,"href":"https:\/\/www.sfius.org\/en\/wp-json\/wp\/v2\/comments?post=5464"}],"version-history":[{"count":0,"href":"https:\/\/www.sfius.org\/en\/wp-json\/wp\/v2\/pages\/5464\/revisions"}],"wp:attachment":[{"href":"https:\/\/www.sfius.org\/en\/wp-json\/wp\/v2\/media?parent=5464"}],"curies":[{"name":"wp","href":"https:\/\/api.w.org\/{rel}","templated":true}]}}