{"id":6411,"date":"2022-12-06T10:37:58","date_gmt":"2022-12-06T09:37:58","guid":{"rendered":"https:\/\/www.sfius.org\/?page_id=6411"},"modified":"2022-12-06T10:59:23","modified_gmt":"2022-12-06T09:59:23","slug":"juraj-santoric","status":"publish","type":"page","link":"https:\/\/www.sfius.org\/en\/juraj-santoric\/","title":{"rendered":"Juraj \u0160antori\u0107"},"content":{"rendered":"<h3 class=\"wp-block-heading\">Juraj \u0160antori\u0107: <br>Horizont mora i mlijeka &#8211; PERSPEKTIVA AUTOPOZDRAVA<\/h3>\n\n\n\n<div style=\"height:21px\" aria-hidden=\"true\" class=\"wp-block-spacer\"><\/div>\n\n\n\n<p><\/p>\n\n\n\n<p><em>Horizont mora i mlijeka \u2013 PERSPEKTIVA AUTOPOZDRAVA<\/em>\u00a0autorski je projekt nastao kao refleksija na niz okolnosti unutar obiteljskih, partnerskih, prijateljskih i profesionalnih odnosa koji su se dijelom prelomili u istoj to\u010dci, ODLASKU. \u0160to taj odlazak donosi i odnosi polazi\u0161ni je impuls za postavljeni kola\u017e. Izgleda da prijelom na jednoj lenti ne zna\u010di nu\u017eno kraj, me\u0111utim on svakako sugerira da su se u novonastalom raskoraku od\u0161krinula vrata za sve ono \u0161to se dugotrajno talo\u017eilo i napinjalo, a sada u samo\u0107i isplivava na povr\u0161inu.\u00a0<em>Kada se postaje umjetnikom?, \u0160to je ostalo jugoromanti\u010darima?, Odakle \u010dovjeku \u017eudnja prema moru?<\/em>\u00a0\u2013 pitanja su koja pletu mre\u017eu na kojoj se ljulju\u0161ka ovaj performans. S jedne strane ovdje je rije\u010d o kriku za otvaranjem i osloba\u0111anjem od dosada\u0161njih strahova po pitanju samoostvarenja. S druge strane, ovo je svojevrsna rekapitulacija dosada\u0161njeg sebe, pri \u010demu je izvedba samo mogu\u0107i medij kojim se intrapersonalno nastoji pomiriti s interpersonalnim. Ipak, ovo je, prije svega, samo jedna osobna pri\u010da o ambijentalnosti i ambijentima kojima sam dosad svjedo\u010dio i koje sam stvarao na relaciji Balkana i Mediterana, a u kojima se na neki na\u010din nastojim odrediti.<\/p>\n\n\n\n<p><strong>Koncept i izvedba:<\/strong>\u00a0Juraj \u0160antori\u0107<br><strong>Monta\u017ea videa:<\/strong>\u00a0Aleksandar Arsovski<\/p>\n\n\n\n<div style=\"height:16px\" aria-hidden=\"true\" class=\"wp-block-spacer\"><\/div>\n\n\n\n<p>Juraj \u0160antori\u0107 ro\u0111en je 1997. godine u Zagrebu.&nbsp; Student je tre\u0107e godine filozofije te etnologije i antropologije na Sveu\u010dili\u0161tu u Zadru. Dobitnik je rektorove nagrade na preddiplomskoj razini u akademskoj godini 2021\/2022. U sklopu Ceepus studentske mobilnosti semestar je proveo na Filozofskom fakultetu u Beogradu, a istovremeno je odlazio na studentsku praksu u Centar za kulturnu dekontaminaciju (CZKD). Autor je nekoliko performansa koji problematiziraju pitanja identiteta, pripadnosti, akademskog svijeta i koncipiranja grada, a izveo ih je na Sveu\u010dili\u0161tu u Zadru, Me\u0111unarodnom festivalu suvremenog kazali\u0161ta Zadar snova i ValOm festivalu. Umjetnost performansa promi\u0161lja kao mogu\u0107u antropolo\u0161ku metodu. Godine 2022. organizirao je kulturno-umjetni\u010dki ValOm festival na otoku Krku. U svom radu nastoji kreirati autenti\u010dni izri\u010daj u kojem \u0107e povezati znanstvene i umjetni\u010dke diskurse.<\/p>\n\n\n\n<div style=\"height:61px\" aria-hidden=\"true\" class=\"wp-block-spacer\"><\/div>","protected":false},"excerpt":{"rendered":"<p>Juraj \u0160antori\u0107: Horizont mora i mlijeka &#8211; PERSPEKTIVA AUTOPOZDRAVA Horizont mora i mlijeka \u2013 PERSPEKTIVA AUTOPOZDRAVA\u00a0autorski je projekt nastao kao refleksija na niz okolnosti unutar obiteljskih, partnerskih, prijateljskih i profesionalnih odnosa koji su se dijelom prelomili u istoj to\u010dci, ODLASKU. \u0160to taj odlazak donosi i odnosi polazi\u0161ni je impuls za postavljeni kola\u017e. Izgleda da prijelom&hellip;<\/p>","protected":false},"author":1,"featured_media":0,"parent":0,"menu_order":0,"comment_status":"closed","ping_status":"closed","template":"","meta":{"_acf_changed":false,"footnotes":""},"class_list":["post-6411","page","type-page","status-publish","hentry"],"acf":[],"_links":{"self":[{"href":"https:\/\/www.sfius.org\/en\/wp-json\/wp\/v2\/pages\/6411","targetHints":{"allow":["GET"]}}],"collection":[{"href":"https:\/\/www.sfius.org\/en\/wp-json\/wp\/v2\/pages"}],"about":[{"href":"https:\/\/www.sfius.org\/en\/wp-json\/wp\/v2\/types\/page"}],"author":[{"embeddable":true,"href":"https:\/\/www.sfius.org\/en\/wp-json\/wp\/v2\/users\/1"}],"replies":[{"embeddable":true,"href":"https:\/\/www.sfius.org\/en\/wp-json\/wp\/v2\/comments?post=6411"}],"version-history":[{"count":0,"href":"https:\/\/www.sfius.org\/en\/wp-json\/wp\/v2\/pages\/6411\/revisions"}],"wp:attachment":[{"href":"https:\/\/www.sfius.org\/en\/wp-json\/wp\/v2\/media?parent=6411"}],"curies":[{"name":"wp","href":"https:\/\/api.w.org\/{rel}","templated":true}]}}